{"id":148,"date":"2026-03-08T18:59:59","date_gmt":"2026-03-08T17:59:59","guid":{"rendered":"https:\/\/oenovexin.fr\/?page_id=148"},"modified":"2026-03-09T21:15:03","modified_gmt":"2026-03-09T20:15:03","slug":"programme","status":"publish","type":"page","link":"https:\/\/oenovexin.fr\/index.php\/programme\/","title":{"rendered":"Programme des d\u00e9gustations"},"content":{"rendered":"<div style=\"text-align:center; margin-bottom:40px;\">\n<p>Retrouvez ici les programmes des d\u00e9gustations du Cercle des \u0152nophiles du Vexin, class\u00e9s par saison.<\/p>\n<p>Consultez les s\u00e9ances \u00e0 venir, les th\u00e8mes abord\u00e9s, ainsi que les archives des saisons pr\u00e9c\u00e9dentes.<\/p>\n<\/div>\n<hr>\n<div style=\"display:flex; flex-wrap:wrap; gap:30px; justify-content:center; margin-top:30px;\">\n<div style=\"background:#f6f1e8; border-radius:12px; padding:30px; max-width:420px; width:100%; box-shadow:0 4px 15px rgba(0,0,0,0.05); text-align:center; display:flex; flex-direction:column; justify-content:space-between;\">\n<div>\n<h2 style=\"color:#6E1E2E; margin-top:0; font-size:26px;\">Saison 2025-2026<\/h2>\n<p style=\"color:#444; line-height:1.6;\">\n                D\u00e9couvrez le programme en cours, les d\u00e9gustations pr\u00e9vues et les documents associ\u00e9s aux s\u00e9ances.\n            <\/p>\n<\/p><\/div>\n<div style=\"margin-top:25px;\">\n            <a href=\"https:\/\/oenovexin.fr\/index.php\/programme\/saison-2025-2026\/\" \n                style=\"display:inline-flex; align-items:center; justify-content:center; background:#6E1E2E; color:white; padding:14px 28px; border-radius:8px; text-decoration:none; font-weight:600; min-height:50px; line-height:1; transition: background 0.3s ease;\"><br \/>\n                Voir la saison 2025-2026<br \/>\n            <\/a>\n        <\/div>\n<\/p><\/div>\n<div style=\"background:#f6f1e8; border-radius:12px; padding:30px; max-width:420px; width:100%; box-shadow:0 4px 15px rgba(0,0,0,0.05); text-align:center; display:flex; flex-direction:column; justify-content:space-between;\">\n<div>\n<h2 style=\"color:#6E1E2E; margin-top:0; font-size:26px;\">Archives 2024-2025<\/h2>\n<p style=\"color:#444; line-height:1.6;\">\n                Consultez les d\u00e9gustations pass\u00e9es, les th\u00e8mes abord\u00e9s et les souvenirs de la saison pr\u00e9c\u00e9dente.\n            <\/p>\n<\/p><\/div>\n<div style=\"margin-top:25px;\">\n            <a href=\"https:\/\/oenovexin.fr\/index.php\/programme\/saison-2024-2025\/\" \n               style=\"display:inline-block; background:#6E1E2E; color:white; padding:14px 28px; border-radius:8px; text-decoration:none; font-weight:600; transition: background 0.3s ease;\"><br \/>\n                Voir les archives 2024-2025<br \/>\n            <\/a>\n        <\/div>\n<\/p><\/div>\n<\/div>\n","protected":false},"excerpt":{"rendered":"<p>Retrouvez ici les programmes des d\u00e9gustations du Cercle des \u0152nophiles du Vexin, class\u00e9s par saison. Consultez les s\u00e9ances \u00e0 venir, les th\u00e8mes abord\u00e9s, ainsi que les archives des saisons pr\u00e9c\u00e9dentes. Saison 2025-2026 D\u00e9couvrez le programme en cours, les d\u00e9gustations pr\u00e9vues et les documents associ\u00e9s aux s\u00e9ances. Voir la saison 2025-2026 Archives 2024-2025 Consultez les d\u00e9gustations [&hellip;]<\/p>\n","protected":false},"author":1,"featured_media":0,"parent":0,"menu_order":0,"comment_status":"closed","ping_status":"closed","template":"","meta":{"footnotes":""},"class_list":["post-148","page","type-page","status-publish","hentry"],"_links":{"self":[{"href":"https:\/\/oenovexin.fr\/index.php\/wp-json\/wp\/v2\/pages\/148","targetHints":{"allow":["GET"]}}],"collection":[{"href":"https:\/\/oenovexin.fr\/index.php\/wp-json\/wp\/v2\/pages"}],"about":[{"href":"https:\/\/oenovexin.fr\/index.php\/wp-json\/wp\/v2\/types\/page"}],"author":[{"embeddable":true,"href":"https:\/\/oenovexin.fr\/index.php\/wp-json\/wp\/v2\/users\/1"}],"replies":[{"embeddable":true,"href":"https:\/\/oenovexin.fr\/index.php\/wp-json\/wp\/v2\/comments?post=148"}],"version-history":[{"count":10,"href":"https:\/\/oenovexin.fr\/index.php\/wp-json\/wp\/v2\/pages\/148\/revisions"}],"predecessor-version":[{"id":212,"href":"https:\/\/oenovexin.fr\/index.php\/wp-json\/wp\/v2\/pages\/148\/revisions\/212"}],"wp:attachment":[{"href":"https:\/\/oenovexin.fr\/index.php\/wp-json\/wp\/v2\/media?parent=148"}],"curies":[{"name":"wp","href":"https:\/\/api.w.org\/{rel}","templated":true}]}}