{"id":31,"date":"2025-07-23T10:08:32","date_gmt":"2025-07-23T10:08:32","guid":{"rendered":"http:\/\/oenovexin.fr\/?page_id=31"},"modified":"2026-03-11T08:53:36","modified_gmt":"2026-03-11T07:53:36","slug":"saison-2025-2026","status":"publish","type":"page","link":"https:\/\/oenovexin.fr\/index.php\/programme\/saison-2025-2026\/","title":{"rendered":"Saison 2025-2026"},"content":{"rendered":"<div style=\"text-align:center; margin-bottom:30px;\">\n<h2 style=\"color:#6E1E2E; margin-bottom:10px;\">Programme des d\u00e9gustations<\/h2>\n<p style=\"font-style:italic; color:#555;\">Retrouvez les s\u00e9ances pass\u00e9es et les rendez-vous \u00e0 venir du Cercle des \u0152nophiles du Vexin.<\/p>\n<\/div>\n<hr>\n<h3 class=\"titre-seances\">Nos prochaines s\u00e9ances<\/h3>\n<div style=\"display:grid; gap:15px; margin-bottom:40px;\">\n<div style=\"background:#fffdf9; border-left:5px solid #6E1E2E; border-radius:10px; padding:20px; box-shadow:0 2px 8px rgba(0,0,0,0.05);\">\n<p style=\"margin:0; font-weight:bold; color:#6E1E2E; font-size:1.1em;\">\ud83d\udcc5 Mardi 10 mars 2026<\/p>\n<p style=\"margin:8px 0 0 0; color:#333;\">Crozes-Hermitage et Saint-Joseph \u2014 Vall\u00e9e du Rh\u00f4ne Prestige<span style=\"font-size:0.8em; background:#6E1E2E; color:white; padding:2px 8px; border-radius:4px; margin-left:10px;\">PRESTIGE<\/span><\/p>\n<\/p><\/div>\n<div style=\"background:#fffdf9; border-left:5px solid #6E1E2E; border-radius:10px; padding:20px; box-shadow:0 2px 8px rgba(0,0,0,0.05);\">\n<p style=\"margin:0; font-weight:bold; color:#6E1E2E; font-size:1.1em;\">\ud83d\udcc5 Mardi 12 mai 2026<\/p>\n<p style=\"margin:8px 0 0 0; color:#333;\">Mercurey \u2014 C\u00f4tes Chalonnaises en Bourgogne sud<\/p>\n<\/p><\/div>\n<div style=\"background:#fffdf9; border-left:5px solid #6E1E2E; border-radius:10px; padding:20px; box-shadow:0 2px 8px rgba(0,0,0,0.05);\">\n<p style=\"margin:0; font-weight:bold; color:#6E1E2E; font-size:1.1em;\">\ud83d\udcc5 Mardi 9 juin 2026<\/p>\n<p style=\"margin:8px 0 0 0; color:#333;\">Cave de Plaimont en Occitanie<\/p>\n<\/p><\/div>\n<\/div>\n<hr>\n<h3 style=\"color:#777; margin-top:30px;\">Nos s\u00e9ances pass\u00e9es<\/h3>\n<div style=\"display:grid; gap:12px;\">\n<div style=\"background:#f2ebe4; border:1px solid rgba(139,58,58,0.15); border-radius:10px; padding:15px 20px;\">\n<p style=\"margin:0; font-weight:bold; color:#888;\">\ud83d\udcc5 10 f\u00e9vrier 2026 <\/p>\n<p style=\"margin:5px 0; color:#666;\">Savenni\u00e8res et Anjou rouge en Val de Loire <span style=\"font-size:0.8em; background:#6E1E2E; color:white; padding:2px 8px; border-radius:4px; margin-left:10px;\">PRESTIGE<\/span><\/p>\n<\/p><\/div>\n<div style=\"background:#faf7f3; border:1px solid rgba(139,58,58,0.15); border-radius:10px; padding:15px 20px;\">\n<p style=\"margin:0; font-weight:bold; color:#888;\">\ud83d\udcc5 13 janvier 2026<\/p>\n<p style=\"margin:5px 0; color:#666;\">Fromage, charcuterie et vins avec Caroline<\/p>\n<\/p><\/div>\n<div style=\"background:#f2ebe4; border:1px solid #6E1E2E30; border-radius:10px; padding:15px 20px;\">\n<p style=\"margin:0; font-weight:bold; color:#6E1E2E;\">\ud83d\udcc5 09 d\u00e9cembre 2025<\/p>\n<p style=\"margin:5px 0; color:#444; font-weight:500;\">Grands Bordeaux (25 ans du Cercle) <span style=\"font-size:0.8em; background:#6E1E2E; color:white; padding:2px 8px; border-radius:4px; margin-left:10px;\">PRESTIGE<\/span><\/p>\n<\/p><\/div>\n<div style=\"background:#faf7f3; border:1px solid #6E1E2E30; border-radius:10px; padding:8px 20px;\">\n<p style=\"margin:0; font-weight:bold; color:#6E1E2E;\">\ud83d\udcc5 Mardi 14 Octobre 2025<\/p>\n<p style=\"margin:5px 0; color:#444; font-weight:500;\">Spiritueux, surprises !<\/p>\n<\/p><\/div>\n<div style=\"background:#faf7f3; border:1px solid #6E1E2E30; border-radius:10px; padding:8px 20px;\">\n<p style=\"margin:0; font-weight:bold; color:#6E1E2E;\">\ud83d\udcc5 Mardi 18 Novembre 2025<\/p>\n<p style=\"margin:5px 0 0 0 !important; color:#444; font-weight:500;\">\n        Initiation par Jean-Christophe \u2014 bons rappels pour les fid\u00e8les redoublants !\n    <\/p>\n<\/div>\n<\/div>\n","protected":false},"excerpt":{"rendered":"<p>Programme des d\u00e9gustations Retrouvez les s\u00e9ances pass\u00e9es et les rendez-vous \u00e0 venir du Cercle des \u0152nophiles du Vexin. Nos prochaines s\u00e9ances \ud83d\udcc5 Mardi 10 mars 2026 Crozes-Hermitage et Saint-Joseph \u2014 Vall\u00e9e du Rh\u00f4ne PrestigePRESTIGE \ud83d\udcc5 Mardi 12 mai 2026 Mercurey \u2014 C\u00f4tes Chalonnaises en Bourgogne sud \ud83d\udcc5 Mardi 9 juin 2026 Cave de Plaimont en [&hellip;]<\/p>\n","protected":false},"author":1,"featured_media":0,"parent":148,"menu_order":2,"comment_status":"closed","ping_status":"closed","template":"","meta":{"footnotes":""},"class_list":["post-31","page","type-page","status-publish","hentry"],"_links":{"self":[{"href":"https:\/\/oenovexin.fr\/index.php\/wp-json\/wp\/v2\/pages\/31","targetHints":{"allow":["GET"]}}],"collection":[{"href":"https:\/\/oenovexin.fr\/index.php\/wp-json\/wp\/v2\/pages"}],"about":[{"href":"https:\/\/oenovexin.fr\/index.php\/wp-json\/wp\/v2\/types\/page"}],"author":[{"embeddable":true,"href":"https:\/\/oenovexin.fr\/index.php\/wp-json\/wp\/v2\/users\/1"}],"replies":[{"embeddable":true,"href":"https:\/\/oenovexin.fr\/index.php\/wp-json\/wp\/v2\/comments?post=31"}],"version-history":[{"count":62,"href":"https:\/\/oenovexin.fr\/index.php\/wp-json\/wp\/v2\/pages\/31\/revisions"}],"predecessor-version":[{"id":263,"href":"https:\/\/oenovexin.fr\/index.php\/wp-json\/wp\/v2\/pages\/31\/revisions\/263"}],"up":[{"embeddable":true,"href":"https:\/\/oenovexin.fr\/index.php\/wp-json\/wp\/v2\/pages\/148"}],"wp:attachment":[{"href":"https:\/\/oenovexin.fr\/index.php\/wp-json\/wp\/v2\/media?parent=31"}],"curies":[{"name":"wp","href":"https:\/\/api.w.org\/{rel}","templated":true}]}}